{"id":24893,"date":"2026-03-06T13:38:35","date_gmt":"2026-03-06T13:38:35","guid":{"rendered":"http:\/\/lacavedefrederique.com\/product\/decoration-de-table-en-fer-pour-vin-armoire-a-vin\/"},"modified":"2026-03-06T13:38:38","modified_gmt":"2026-03-06T13:38:38","slug":"decoration-de-table-en-fer-pour-vin-armoire-a-vin","status":"publish","type":"product","link":"https:\/\/lacavedefrederique.com\/en\/product\/decoration-de-table-en-fer-pour-vin-armoire-a-vin\/","title":{"rendered":"D\u00e9coration de table en fer pour vin, armoire \u00e0 vin"},"content":{"rendered":"<p> <b>Product&nbsp;information:<\/b>  <\/p>\n<p> Name: Retro European style wine rack <br \/> Color: black, bronze, silver <br \/> Material: wrought iron <\/p>\n<p>Packing list: 1 * wine rack (without red wine)<\/p>\n<p> <\/p>\n<p> <b>Size&nbsp;Information:<\/b>  <\/p>\n<p> <img decoding=\"async\" src=\"https:\/\/cf.cjdropshipping.com\/1614775306177.jpg\"> <b> <br \/> <\/b> <\/p>\n<p> <\/p>\n<p> <img decoding=\"async\" src=\"https:\/\/cf.cjdropshipping.com\/1614775318535.jpg\"> <img decoding=\"async\" src=\"https:\/\/cf.cjdropshipping.com\/1614775318558.jpg\"> <img decoding=\"async\" src=\"https:\/\/cf.cjdropshipping.com\/1614775318577.jpg\"> <img decoding=\"async\" src=\"https:\/\/cf.cjdropshipping.com\/1614775318573.jpg\"> <img decoding=\"async\" src=\"https:\/\/cf.cjdropshipping.com\/1614775318813.jpg\"> <img decoding=\"async\" src=\"https:\/\/cf.cjdropshipping.com\/1614775318573.jpg\"> <img decoding=\"async\" src=\"https:\/\/cf.cjdropshipping.com\/1614775318579.jpg\">  <\/p>","protected":false},"excerpt":{"rendered":"<p>Product&nbsp;information: Name: Retro European style wine rack Color: black, bronze, silver Material: wrought iron Packing list: 1 * wine rack (without red wine) Size&nbsp;Information:<\/p>","protected":false},"featured_media":24886,"comment_status":"open","ping_status":"closed","template":"","meta":[],"product_brand":[],"product_cat":[75],"product_tag":[],"class_list":{"0":"post-24893","1":"product","2":"type-product","3":"status-publish","4":"has-post-thumbnail","6":"product_cat-tout-nos-produits-a-vins","9":"first","10":"instock","11":"shipping-taxable","12":"purchasable","13":"product-type-variable"},"yoast_head":"<!-- This site is optimized with the Yoast SEO Premium plugin v27.0 (Yoast SEO v27.0) - https:\/\/yoast.com\/product\/yoast-seo-premium-wordpress\/ -->\n<title>D\u00e9coration de table en fer pour vin, armoire \u00e0 vin - La cave de fr\u00e9derique<\/title>\n<meta name=\"robots\" content=\"index, follow, max-snippet:-1, max-image-preview:large, max-video-preview:-1\" \/>\n<link rel=\"canonical\" href=\"https:\/\/lacavedefrederique.com\/en\/product\/decoration-de-table-en-fer-pour-vin-armoire-a-vin\/\" \/>\n<meta property=\"og:locale\" content=\"en_US\" \/>\n<meta property=\"og:type\" content=\"article\" \/>\n<meta property=\"og:title\" content=\"D\u00e9coration de table en fer pour vin, armoire \u00e0 vin\" \/>\n<meta property=\"og:description\" content=\"Product&nbsp;information: Name: Retro European style wine rack Color: black, bronze, silver Material: wrought iron Packing list: 1 * wine rack (without red wine) Size&nbsp;Information:\" \/>\n<meta property=\"og:url\" content=\"https:\/\/lacavedefrederique.com\/en\/product\/decoration-de-table-en-fer-pour-vin-armoire-a-vin\/\" \/>\n<meta property=\"og:site_name\" content=\"La cave de fr\u00e9derique\" \/>\n<meta property=\"article:modified_time\" content=\"2026-03-06T13:38:38+00:00\" \/>\n<meta property=\"og:image\" content=\"https:\/\/lacavedefrederique.com\/wp-content\/uploads\/2026\/03\/1614775346938-2.jpg\" \/>\n\t<meta property=\"og:image:width\" content=\"800\" \/>\n\t<meta property=\"og:image:height\" content=\"800\" \/>\n\t<meta property=\"og:image:type\" content=\"image\/jpeg\" \/>\n<meta name=\"twitter:card\" content=\"summary_large_image\" \/>\n<script type=\"application\/ld+json\" class=\"yoast-schema-graph\">{\"@context\":\"https:\/\/schema.org\",\"@graph\":[{\"@type\":\"WebPage\",\"@id\":\"https:\/\/lacavedefrederique.com\/product\/decoration-de-table-en-fer-pour-vin-armoire-a-vin\/\",\"url\":\"https:\/\/lacavedefrederique.com\/product\/decoration-de-table-en-fer-pour-vin-armoire-a-vin\/\",\"name\":\"D\u00e9coration de table en fer pour vin, armoire \u00e0 vin - La cave de fr\u00e9derique\",\"isPartOf\":{\"@id\":\"https:\/\/lacavedefrederique.com\/#website\"},\"primaryImageOfPage\":{\"@id\":\"https:\/\/lacavedefrederique.com\/product\/decoration-de-table-en-fer-pour-vin-armoire-a-vin\/#primaryimage\"},\"image\":{\"@id\":\"https:\/\/lacavedefrederique.com\/product\/decoration-de-table-en-fer-pour-vin-armoire-a-vin\/#primaryimage\"},\"thumbnailUrl\":\"https:\/\/lacavedefrederique.com\/wp-content\/uploads\/2026\/03\/1614775346938-2.jpg\",\"datePublished\":\"2026-03-06T13:38:35+00:00\",\"dateModified\":\"2026-03-06T13:38:38+00:00\",\"breadcrumb\":{\"@id\":\"https:\/\/lacavedefrederique.com\/product\/decoration-de-table-en-fer-pour-vin-armoire-a-vin\/#breadcrumb\"},\"inLanguage\":\"en-US\",\"potentialAction\":[{\"@type\":\"ReadAction\",\"target\":[\"https:\/\/lacavedefrederique.com\/product\/decoration-de-table-en-fer-pour-vin-armoire-a-vin\/\"]}]},{\"@type\":\"ImageObject\",\"inLanguage\":\"en-US\",\"@id\":\"https:\/\/lacavedefrederique.com\/product\/decoration-de-table-en-fer-pour-vin-armoire-a-vin\/#primaryimage\",\"url\":\"https:\/\/lacavedefrederique.com\/wp-content\/uploads\/2026\/03\/1614775346938-2.jpg\",\"contentUrl\":\"https:\/\/lacavedefrederique.com\/wp-content\/uploads\/2026\/03\/1614775346938-2.jpg\",\"width\":800,\"height\":800},{\"@type\":\"BreadcrumbList\",\"@id\":\"https:\/\/lacavedefrederique.com\/product\/decoration-de-table-en-fer-pour-vin-armoire-a-vin\/#breadcrumb\",\"itemListElement\":[{\"@type\":\"ListItem\",\"position\":1,\"name\":\"Home\",\"item\":\"https:\/\/lacavedefrederique.com\/\"},{\"@type\":\"ListItem\",\"position\":2,\"name\":\"Shop\",\"item\":\"https:\/\/lacavedefrederique.com\/shop\/\"},{\"@type\":\"ListItem\",\"position\":3,\"name\":\"D\u00e9coration de table en fer pour vin, armoire \u00e0 vin\"}]},{\"@type\":\"WebSite\",\"@id\":\"https:\/\/lacavedefrederique.com\/#website\",\"url\":\"https:\/\/lacavedefrederique.com\/\",\"name\":\"La cave de fr\u00e9derique\",\"description\":\"\",\"publisher\":{\"@id\":\"https:\/\/lacavedefrederique.com\/#organization\"},\"potentialAction\":[{\"@type\":\"SearchAction\",\"target\":{\"@type\":\"EntryPoint\",\"urlTemplate\":\"https:\/\/lacavedefrederique.com\/?s={search_term_string}\"},\"query-input\":{\"@type\":\"PropertyValueSpecification\",\"valueRequired\":true,\"valueName\":\"search_term_string\"}}],\"inLanguage\":\"en-US\"},{\"@type\":\"Organization\",\"@id\":\"https:\/\/lacavedefrederique.com\/#organization\",\"name\":\"La cave de fr\u00e9derique\",\"url\":\"https:\/\/lacavedefrederique.com\/\",\"logo\":{\"@type\":\"ImageObject\",\"inLanguage\":\"en-US\",\"@id\":\"https:\/\/lacavedefrederique.com\/#\/schema\/logo\/image\/\",\"url\":\"https:\/\/lacavedefrederique.com\/wp-content\/uploads\/2026\/02\/logo-def-cave.png\",\"contentUrl\":\"https:\/\/lacavedefrederique.com\/wp-content\/uploads\/2026\/02\/logo-def-cave.png\",\"width\":1200,\"height\":628,\"caption\":\"La cave de fr\u00e9derique\"},\"image\":{\"@id\":\"https:\/\/lacavedefrederique.com\/#\/schema\/logo\/image\/\"}}]}<\/script>\n<!-- \/ Yoast SEO Premium plugin. -->","yoast_head_json":{"title":"D\u00e9coration de table en fer pour vin, armoire \u00e0 vin - La cave de fr\u00e9derique","robots":{"index":"index","follow":"follow","max-snippet":"max-snippet:-1","max-image-preview":"max-image-preview:large","max-video-preview":"max-video-preview:-1"},"canonical":"https:\/\/lacavedefrederique.com\/en\/product\/decoration-de-table-en-fer-pour-vin-armoire-a-vin\/","og_locale":"en_US","og_type":"article","og_title":"D\u00e9coration de table en fer pour vin, armoire \u00e0 vin","og_description":"Product&nbsp;information: Name: Retro European style wine rack Color: black, bronze, silver Material: wrought iron Packing list: 1 * wine rack (without red wine) Size&nbsp;Information:","og_url":"https:\/\/lacavedefrederique.com\/en\/product\/decoration-de-table-en-fer-pour-vin-armoire-a-vin\/","og_site_name":"La cave de fr\u00e9derique","article_modified_time":"2026-03-06T13:38:38+00:00","og_image":[{"width":800,"height":800,"url":"https:\/\/lacavedefrederique.com\/wp-content\/uploads\/2026\/03\/1614775346938-2.jpg","type":"image\/jpeg"}],"twitter_card":"summary_large_image","schema":{"@context":"https:\/\/schema.org","@graph":[{"@type":"WebPage","@id":"https:\/\/lacavedefrederique.com\/product\/decoration-de-table-en-fer-pour-vin-armoire-a-vin\/","url":"https:\/\/lacavedefrederique.com\/product\/decoration-de-table-en-fer-pour-vin-armoire-a-vin\/","name":"D\u00e9coration de table en fer pour vin, armoire \u00e0 vin - La cave de fr\u00e9derique","isPartOf":{"@id":"https:\/\/lacavedefrederique.com\/#website"},"primaryImageOfPage":{"@id":"https:\/\/lacavedefrederique.com\/product\/decoration-de-table-en-fer-pour-vin-armoire-a-vin\/#primaryimage"},"image":{"@id":"https:\/\/lacavedefrederique.com\/product\/decoration-de-table-en-fer-pour-vin-armoire-a-vin\/#primaryimage"},"thumbnailUrl":"https:\/\/lacavedefrederique.com\/wp-content\/uploads\/2026\/03\/1614775346938-2.jpg","datePublished":"2026-03-06T13:38:35+00:00","dateModified":"2026-03-06T13:38:38+00:00","breadcrumb":{"@id":"https:\/\/lacavedefrederique.com\/product\/decoration-de-table-en-fer-pour-vin-armoire-a-vin\/#breadcrumb"},"inLanguage":"en-US","potentialAction":[{"@type":"ReadAction","target":["https:\/\/lacavedefrederique.com\/product\/decoration-de-table-en-fer-pour-vin-armoire-a-vin\/"]}]},{"@type":"ImageObject","inLanguage":"en-US","@id":"https:\/\/lacavedefrederique.com\/product\/decoration-de-table-en-fer-pour-vin-armoire-a-vin\/#primaryimage","url":"https:\/\/lacavedefrederique.com\/wp-content\/uploads\/2026\/03\/1614775346938-2.jpg","contentUrl":"https:\/\/lacavedefrederique.com\/wp-content\/uploads\/2026\/03\/1614775346938-2.jpg","width":800,"height":800},{"@type":"BreadcrumbList","@id":"https:\/\/lacavedefrederique.com\/product\/decoration-de-table-en-fer-pour-vin-armoire-a-vin\/#breadcrumb","itemListElement":[{"@type":"ListItem","position":1,"name":"Home","item":"https:\/\/lacavedefrederique.com\/"},{"@type":"ListItem","position":2,"name":"Shop","item":"https:\/\/lacavedefrederique.com\/shop\/"},{"@type":"ListItem","position":3,"name":"D\u00e9coration de table en fer pour vin, armoire \u00e0 vin"}]},{"@type":"WebSite","@id":"https:\/\/lacavedefrederique.com\/#website","url":"https:\/\/lacavedefrederique.com\/","name":"La cave de fr\u00e9derique","description":"","publisher":{"@id":"https:\/\/lacavedefrederique.com\/#organization"},"potentialAction":[{"@type":"SearchAction","target":{"@type":"EntryPoint","urlTemplate":"https:\/\/lacavedefrederique.com\/?s={search_term_string}"},"query-input":{"@type":"PropertyValueSpecification","valueRequired":true,"valueName":"search_term_string"}}],"inLanguage":"en-US"},{"@type":"Organization","@id":"https:\/\/lacavedefrederique.com\/#organization","name":"La cave de fr\u00e9derique","url":"https:\/\/lacavedefrederique.com\/","logo":{"@type":"ImageObject","inLanguage":"en-US","@id":"https:\/\/lacavedefrederique.com\/#\/schema\/logo\/image\/","url":"https:\/\/lacavedefrederique.com\/wp-content\/uploads\/2026\/02\/logo-def-cave.png","contentUrl":"https:\/\/lacavedefrederique.com\/wp-content\/uploads\/2026\/02\/logo-def-cave.png","width":1200,"height":628,"caption":"La cave de fr\u00e9derique"},"image":{"@id":"https:\/\/lacavedefrederique.com\/#\/schema\/logo\/image\/"}}]}},"_links":{"self":[{"href":"https:\/\/lacavedefrederique.com\/en\/wp-json\/wp\/v2\/product\/24893","targetHints":{"allow":["GET"]}}],"collection":[{"href":"https:\/\/lacavedefrederique.com\/en\/wp-json\/wp\/v2\/product"}],"about":[{"href":"https:\/\/lacavedefrederique.com\/en\/wp-json\/wp\/v2\/types\/product"}],"replies":[{"embeddable":true,"href":"https:\/\/lacavedefrederique.com\/en\/wp-json\/wp\/v2\/comments?post=24893"}],"wp:featuredmedia":[{"embeddable":true,"href":"https:\/\/lacavedefrederique.com\/en\/wp-json\/wp\/v2\/media\/24886"}],"wp:attachment":[{"href":"https:\/\/lacavedefrederique.com\/en\/wp-json\/wp\/v2\/media?parent=24893"}],"wp:term":[{"taxonomy":"product_brand","embeddable":true,"href":"https:\/\/lacavedefrederique.com\/en\/wp-json\/wp\/v2\/product_brand?post=24893"},{"taxonomy":"product_cat","embeddable":true,"href":"https:\/\/lacavedefrederique.com\/en\/wp-json\/wp\/v2\/product_cat?post=24893"},{"taxonomy":"product_tag","embeddable":true,"href":"https:\/\/lacavedefrederique.com\/en\/wp-json\/wp\/v2\/product_tag?post=24893"}],"curies":[{"name":"wp","href":"https:\/\/api.w.org\/{rel}","templated":true}]}}